{"id":289,"date":"2022-11-09T12:04:57","date_gmt":"2022-11-09T11:04:57","guid":{"rendered":"https:\/\/mdvautonoleggi.com\/privacy-policy\/"},"modified":"2024-03-04T17:13:10","modified_gmt":"2024-03-04T16:13:10","slug":"privacy-policy","status":"publish","type":"page","link":"https:\/\/mdvautonoleggi.com\/en\/privacy-policy\/","title":{"rendered":"Privacy Policy"},"content":{"rendered":"<p>Informativa ai sensi del D.Lgs. 196\/03 e del Regolamento Ue 2016\/679 GDPR (General Data Protection Regulation)<\/p>\n<h3><strong>Titolare del Trattamento dei Dati<\/strong><\/h3>\n<p><strong>MDV Autonoleggi di Marco De Vuono<\/strong><\/p>\n<p>Via San Benedetto,7 &#8211; 06049 Spoleto (PG)<br \/>\nTel. +39 379 1619755<br \/>\nEmail\u00a0<a href=\"mailto:info@mdvautonoleggi.com\">info@mdvautonoleggi.com<\/a><br \/>\nP.I. 03585950540<\/p>\n<h3><strong>Tipologie di dati raccolti<\/strong><\/h3>\n<p>Questo sito raccoglie, in modo autonomo o tramite terze parti, alcuni dati personali dei propri Utenti, tra i quali: Nome, Cognome, Email, Telefono, dati necessari per la fatturazione, Cookie e Dati di utilizzo (indirizzo IP, dettagli del browser web, data\/ora e fuso orario.).<\/p>\n<p>Altri dati personali raccolti potrebbero essere indicati in altre sezioni di questa privacy policy o mediante testi informativi visualizzati contestualmente alla raccolta dei dati stessi.<\/p>\n<p>I dati personali possono essere inseriti volontariamente dall\u2019Utente, oppure raccolti in modo automatico durante l\u2019uso di questo sito.<\/p>\n<p>L\u2019eventuale utilizzo di Cookie \u2013 o di altri strumenti di tracciamento \u2013 da parte di questo sito o dei titolari dei servizi terzi utilizzati da questo sito, ove non diversamente precisato, ha la finalit\u00e0 di identificare l\u2019Utente e registrare le relative preferenze per finalit\u00e0 strettamente legate all\u2019erogazione del servizio richiesto dall\u2019Utente.<\/p>\n<p>Il mancato conferimento da parte dell\u2019Utente di alcuni dati personali potrebbe impedire a questo sito di erogare i propri servizi.<\/p>\n<h3><strong>Finalit\u00e0 del trattamento<\/strong><\/h3>\n<p>Le finalit\u00e0 del trattamento dei dati personali conferiti dagli utenti potranno essere le seguenti:<\/p>\n<p>a) Consentire la registrazione sul sito, che \u00e8 necessaria per l\u2019accesso a particolari sezioni del sito stesso;<\/p>\n<p>b) Rispondere alla richieste di informazioni e assistenza degli utenti relative a prodotti\/servizi;<\/p>\n<p>c) Gestione degli ordini per l\u2019acquisto e fornitura di prodotti\/servizi;<\/p>\n<p>d) Fornire e migliorare i prodotti\/servizi forniti e risolvere eventuali problematiche ad essi connesse.<\/p>\n<p>e) Adempiere ad obblighi di legge.<\/p>\n<p>f) Invio di offerte e materiale promozionale relative a prodotti\/servizi.<\/p>\n<h3><strong>Modalit\u00e0 di trattamento<\/strong><\/h3>\n<p>Il Titolare adotta le opportune misure di sicurezza idonee a garantire la riservatezza e la sicurezza dei dati personali, nonch\u00e9 ad impedirne l\u2019accesso, la divulgazione, la modifica o la distruzione non autorizzate.<\/p>\n<p>I dati personali vengono raccolti e trattati con il supporto di mezzi informatici e\/o cartacei, con modalit\u00e0 organizzative e con logiche strettamente correlate alle finalit\u00e0 indicate.<\/p>\n<p>Oltre al Titolare, in alcuni casi, potrebbero avere accesso ai dati altri soggetti coinvolti nell\u2019organizzazione di questo sito (personale amministrativo, commerciale, marketing, amministratori di sistema, collaboratori o dipendenti) ovvero soggetti esterni (come fornitori di servizi tecnici terzi, corrieri postali, hosting provider, societ\u00e0 informatiche, agenzie di comunicazione, consulenti legali, amministrativi e fiscali) nominati anche, se necessario, Responsabili del Trattamento da parte del Titolare. L\u2019elenco aggiornato di tali soggetti potr\u00e0 sempre essere richiesto al Titolare del Trattamento.<\/p>\n<h3><strong>Luogo del trattamento<\/strong><\/h3>\n<p>I dati sono trattati presso le sedi operative del Titolare ed in ogni altro luogo in cui le parti coinvolte nel trattamento siano localizzate.<\/p>\n<p>I dati personali dell\u2019Utente potrebbero essere trasferiti in un paese diverso da quello in cui l\u2019Utente si trova. Qualora abbia luogo uno dei trasferimenti appena descritti, l\u2019Utente pu\u00f2 chiedere informazioni al Titolare contattandolo agli estremi riportati in apertura.<\/p>\n<h3><strong>Periodo di conservazione<\/strong><\/h3>\n<p>I dati sono trattati e conservati per il tempo necessario al conseguimento delle finalit\u00e0 per le quali sono stati raccolti nonch\u00e9 per lo svolgimento di finalit\u00e0 amministrativo-contabili. Il Titolare potrebbe essere obbligato a conservare i dati personali per un periodo pi\u00f9 lungo in ottemperanza ad un obbligo di legge o per ordine di un\u2019autorit\u00e0.<\/p>\n<p>Al termine del periodo di conservazione i dati personali saranno cancellati o anonimizzati, pertanto, allo spirare di tale termine il diritto di accesso, cancellazione, rettificazione ed il diritto alla portabilit\u00e0 dei dati non potranno pi\u00f9 essere esercitati.<\/p>\n<h3><strong>Minori di 18 anni<\/strong><\/h3>\n<p>Il Sito non \u00e8 rivolto a individui di et\u00e0 inferiore a 18 anni, n\u00e9 il Titolare raccoglie consapevolmente dati personali da individui di et\u00e0 inferiore a 18 anni.<\/p>\n<h3><strong>Diritti degli interessati<\/strong><\/h3>\n<p>Gli utenti possono esercitare determinati diritti con riferimento ai dati trattati dal Titolare:<\/p>\n<h4><strong>Diritto di accesso<\/strong><\/h4>\n<p>L\u2019Utente ha diritto ad ottenere informazioni sui dati trattati dal Titolare, su determinati aspetti del trattamento ed a ricevere una copia dei dati trattati. L\u2019Utente pu\u00f2 verificare la correttezza dei propri dati e richiederne l\u2019aggiornamento o la correzione.<\/p>\n<h4><strong>Diritto di cancellazione (diritto all\u2019oblio)<\/strong><\/h4>\n<p>Quando ricorrono determinate condizioni, l\u2019Utente pu\u00f2 richiedere la cancellazione dei propri dati personali da parte del Titolare.<\/p>\n<h4><strong>Diritto di limitazione del trattamento<\/strong><\/h4>\n<p>Quando ricorrono determinate condizioni, l\u2019Utente pu\u00f2 richiedere la limitazione del trattamento dei propri dati. In tal caso il Titolare non tratter\u00e0 i dati per alcun altro scopo se non la loro conservazione.<\/p>\n<h4><strong>Diritto alla portabilit\u00e0 dei dati<\/strong><\/h4>\n<p>L\u2019Utente ha diritto di ricevere i propri dati in formato strutturato, di uso comune e leggibile da dispositivo automatico e, ove tecnicamente fattibile, di ottenerne il trasferimento ad un altro titolare. Questa disposizione \u00e8 applicabile quando i dati sono trattati con strumenti automatizzati ed il trattamento \u00e8 basato sul consenso dell\u2019Utente, su un contratto di cui l\u2019Utente \u00e8 parte o su misure contrattuali ad esso connesse.<\/p>\n<h4><strong>Diritto di revoca e opposizione<\/strong><\/h4>\n<p>L\u2019Utente pu\u00f2 richiedere la revoca del consenso al trattamento dei propri dati personali precedentemente espresso in qualunque momento e pu\u00f2 opporsi al trattamento dei propri dati quando esso avviene su una base giuridica diversa dal consenso.<\/p>\n<p><strong>Come esercitare i diritti<\/strong><\/p>\n<p>Per esercitare i propri diritti, gli Utenti possono indirizzare una richiesta agli estremi di contatto del Titolare indicati in questo documento. Le richieste sono evase dal Titolare nel pi\u00f9 breve tempo possibile, in ogni caso entro un mese.<\/p>\n<h3><strong>Cookie Policy<\/strong><\/h3>\n<p>Questo sito fa utilizzo di Cookie. Per saperne di pi\u00f9 e per prendere visione dell\u2019informativa dettagliata, l\u2019Utente pu\u00f2 consultare la\u00a0<a class=\"btn btn-custom btn-sm\" href=\"https:\/\/mdvautonoleggi.com\/?page_id=93\">COOKIE POLICY<\/a><\/p>\n<h3><strong>Modifiche a questa privacy policy<\/strong><\/h3>\n<p>Il Titolare del Trattamento si riserva il diritto di apportare modifiche alla presente privacy policy in qualunque momento dandone pubblicit\u00e0 agli Utenti su questa pagina. Nel caso di mancata accettazione delle modifiche apportate alla presente privacy policy, l\u2019Utente \u00e8 tenuto a cessare l\u2019utilizzo di questo sito e pu\u00f2 richiedere al Titolare del Trattamento di rimuovere i propri Dati Personali.<\/p>\n","protected":false},"excerpt":{"rendered":"<p>Informativa ai sensi del D.Lgs. 196\/03 e del Regolamento Ue 2016\/679 GDPR (General Data Protection Regulation) Titolare del Trattamento dei Dati MDV Autonoleggi di Marco De Vuono Via San Benedetto,7 &#8211; 06049 Spoleto (PG) Tel. +39 379 1619755 Email\u00a0info@mdvautonoleggi.com P.I. 03585950540 Tipologie di dati raccolti Questo sito raccoglie, in modo autonomo o tramite terze parti, [&hellip;]\n","protected":false},"author":1,"featured_media":0,"parent":0,"menu_order":0,"comment_status":"closed","ping_status":"closed","template":"","meta":{"footnotes":""},"class_list":["post-289","page","type-page","status-publish","hentry"],"acf":[],"yoast_head":"<!-- This site is optimized with the Yoast SEO plugin v20.7 - https:\/\/yoast.com\/wordpress\/plugins\/seo\/ -->\n<title>Privacy Policy - MDV Autonoleggio con conducente<\/title>\n<meta name=\"robots\" content=\"index, follow, max-snippet:-1, max-image-preview:large, max-video-preview:-1\" \/>\n<link rel=\"canonical\" href=\"https:\/\/mdvautonoleggi.com\/en\/privacy-policy\/\" \/>\n<meta property=\"og:locale\" content=\"en_US\" \/>\n<meta property=\"og:type\" content=\"article\" \/>\n<meta property=\"og:title\" content=\"Privacy Policy - MDV Autonoleggio con conducente\" \/>\n<meta property=\"og:description\" content=\"Informativa ai sensi del D.Lgs. 196\/03 e del Regolamento Ue 2016\/679 GDPR (General Data Protection Regulation) Titolare del Trattamento dei Dati MDV Autonoleggi di Marco De Vuono Via San Benedetto,7 &#8211; 06049 Spoleto (PG) Tel. +39 379 1619755 Email\u00a0info@mdvautonoleggi.com P.I. 03585950540 Tipologie di dati raccolti Questo sito raccoglie, in modo autonomo o tramite terze parti, [&hellip;]\" \/>\n<meta property=\"og:url\" content=\"https:\/\/mdvautonoleggi.com\/en\/privacy-policy\/\" \/>\n<meta property=\"og:site_name\" content=\"MDV Autonoleggio con conducente\" \/>\n<meta property=\"article:modified_time\" content=\"2024-03-04T16:13:10+00:00\" \/>\n<meta name=\"twitter:card\" content=\"summary_large_image\" \/>\n<meta name=\"twitter:label1\" content=\"Est. reading time\" \/>\n\t<meta name=\"twitter:data1\" content=\"6 minutes\" \/>\n<script type=\"application\/ld+json\" class=\"yoast-schema-graph\">{\"@context\":\"https:\/\/schema.org\",\"@graph\":[{\"@type\":\"WebPage\",\"@id\":\"https:\/\/mdvautonoleggi.com\/en\/privacy-policy\/\",\"url\":\"https:\/\/mdvautonoleggi.com\/en\/privacy-policy\/\",\"name\":\"Privacy Policy - MDV Autonoleggio con conducente\",\"isPartOf\":{\"@id\":\"https:\/\/mdvautonoleggi.com\/#website\"},\"datePublished\":\"2022-11-09T11:04:57+00:00\",\"dateModified\":\"2024-03-04T16:13:10+00:00\",\"breadcrumb\":{\"@id\":\"https:\/\/mdvautonoleggi.com\/en\/privacy-policy\/#breadcrumb\"},\"inLanguage\":\"en-US\",\"potentialAction\":[{\"@type\":\"ReadAction\",\"target\":[\"https:\/\/mdvautonoleggi.com\/en\/privacy-policy\/\"]}]},{\"@type\":\"BreadcrumbList\",\"@id\":\"https:\/\/mdvautonoleggi.com\/en\/privacy-policy\/#breadcrumb\",\"itemListElement\":[{\"@type\":\"ListItem\",\"position\":1,\"name\":\"Home\",\"item\":\"https:\/\/mdvautonoleggi.com\/en\/\"},{\"@type\":\"ListItem\",\"position\":2,\"name\":\"Privacy Policy\"}]},{\"@type\":\"WebSite\",\"@id\":\"https:\/\/mdvautonoleggi.com\/#website\",\"url\":\"https:\/\/mdvautonoleggi.com\/\",\"name\":\"MDV Autonoleggio con conducente\",\"description\":\"\",\"publisher\":{\"@id\":\"https:\/\/mdvautonoleggi.com\/#organization\"},\"potentialAction\":[{\"@type\":\"SearchAction\",\"target\":{\"@type\":\"EntryPoint\",\"urlTemplate\":\"https:\/\/mdvautonoleggi.com\/?s={search_term_string}\"},\"query-input\":\"required name=search_term_string\"}],\"inLanguage\":\"en-US\"},{\"@type\":\"Organization\",\"@id\":\"https:\/\/mdvautonoleggi.com\/#organization\",\"name\":\"MDV Autonoleggio con conducente\",\"url\":\"https:\/\/mdvautonoleggi.com\/\",\"logo\":{\"@type\":\"ImageObject\",\"inLanguage\":\"en-US\",\"@id\":\"https:\/\/mdvautonoleggi.com\/#\/schema\/logo\/image\/\",\"url\":\"https:\/\/mdvautonoleggi.com\/wp-content\/uploads\/2022\/11\/icon-mdv.jpg\",\"contentUrl\":\"https:\/\/mdvautonoleggi.com\/wp-content\/uploads\/2022\/11\/icon-mdv.jpg\",\"width\":512,\"height\":512,\"caption\":\"MDV Autonoleggio con conducente\"},\"image\":{\"@id\":\"https:\/\/mdvautonoleggi.com\/#\/schema\/logo\/image\/\"}}]}<\/script>\n<!-- \/ Yoast SEO plugin. -->","yoast_head_json":{"title":"Privacy Policy - MDV Autonoleggio con conducente","robots":{"index":"index","follow":"follow","max-snippet":"max-snippet:-1","max-image-preview":"max-image-preview:large","max-video-preview":"max-video-preview:-1"},"canonical":"https:\/\/mdvautonoleggi.com\/en\/privacy-policy\/","og_locale":"en_US","og_type":"article","og_title":"Privacy Policy - MDV Autonoleggio con conducente","og_description":"Informativa ai sensi del D.Lgs. 196\/03 e del Regolamento Ue 2016\/679 GDPR (General Data Protection Regulation) Titolare del Trattamento dei Dati MDV Autonoleggi di Marco De Vuono Via San Benedetto,7 &#8211; 06049 Spoleto (PG) Tel. +39 379 1619755 Email\u00a0info@mdvautonoleggi.com P.I. 03585950540 Tipologie di dati raccolti Questo sito raccoglie, in modo autonomo o tramite terze parti, [&hellip;]","og_url":"https:\/\/mdvautonoleggi.com\/en\/privacy-policy\/","og_site_name":"MDV Autonoleggio con conducente","article_modified_time":"2024-03-04T16:13:10+00:00","twitter_card":"summary_large_image","twitter_misc":{"Est. reading time":"6 minutes"},"schema":{"@context":"https:\/\/schema.org","@graph":[{"@type":"WebPage","@id":"https:\/\/mdvautonoleggi.com\/en\/privacy-policy\/","url":"https:\/\/mdvautonoleggi.com\/en\/privacy-policy\/","name":"Privacy Policy - MDV Autonoleggio con conducente","isPartOf":{"@id":"https:\/\/mdvautonoleggi.com\/#website"},"datePublished":"2022-11-09T11:04:57+00:00","dateModified":"2024-03-04T16:13:10+00:00","breadcrumb":{"@id":"https:\/\/mdvautonoleggi.com\/en\/privacy-policy\/#breadcrumb"},"inLanguage":"en-US","potentialAction":[{"@type":"ReadAction","target":["https:\/\/mdvautonoleggi.com\/en\/privacy-policy\/"]}]},{"@type":"BreadcrumbList","@id":"https:\/\/mdvautonoleggi.com\/en\/privacy-policy\/#breadcrumb","itemListElement":[{"@type":"ListItem","position":1,"name":"Home","item":"https:\/\/mdvautonoleggi.com\/en\/"},{"@type":"ListItem","position":2,"name":"Privacy Policy"}]},{"@type":"WebSite","@id":"https:\/\/mdvautonoleggi.com\/#website","url":"https:\/\/mdvautonoleggi.com\/","name":"MDV Autonoleggio con conducente","description":"","publisher":{"@id":"https:\/\/mdvautonoleggi.com\/#organization"},"potentialAction":[{"@type":"SearchAction","target":{"@type":"EntryPoint","urlTemplate":"https:\/\/mdvautonoleggi.com\/?s={search_term_string}"},"query-input":"required name=search_term_string"}],"inLanguage":"en-US"},{"@type":"Organization","@id":"https:\/\/mdvautonoleggi.com\/#organization","name":"MDV Autonoleggio con conducente","url":"https:\/\/mdvautonoleggi.com\/","logo":{"@type":"ImageObject","inLanguage":"en-US","@id":"https:\/\/mdvautonoleggi.com\/#\/schema\/logo\/image\/","url":"https:\/\/mdvautonoleggi.com\/wp-content\/uploads\/2022\/11\/icon-mdv.jpg","contentUrl":"https:\/\/mdvautonoleggi.com\/wp-content\/uploads\/2022\/11\/icon-mdv.jpg","width":512,"height":512,"caption":"MDV Autonoleggio con conducente"},"image":{"@id":"https:\/\/mdvautonoleggi.com\/#\/schema\/logo\/image\/"}}]}},"_links":{"self":[{"href":"https:\/\/mdvautonoleggi.com\/en\/wp-json\/wp\/v2\/pages\/289","targetHints":{"allow":["GET"]}}],"collection":[{"href":"https:\/\/mdvautonoleggi.com\/en\/wp-json\/wp\/v2\/pages"}],"about":[{"href":"https:\/\/mdvautonoleggi.com\/en\/wp-json\/wp\/v2\/types\/page"}],"author":[{"embeddable":true,"href":"https:\/\/mdvautonoleggi.com\/en\/wp-json\/wp\/v2\/users\/1"}],"replies":[{"embeddable":true,"href":"https:\/\/mdvautonoleggi.com\/en\/wp-json\/wp\/v2\/comments?post=289"}],"version-history":[{"count":2,"href":"https:\/\/mdvautonoleggi.com\/en\/wp-json\/wp\/v2\/pages\/289\/revisions"}],"predecessor-version":[{"id":351,"href":"https:\/\/mdvautonoleggi.com\/en\/wp-json\/wp\/v2\/pages\/289\/revisions\/351"}],"wp:attachment":[{"href":"https:\/\/mdvautonoleggi.com\/en\/wp-json\/wp\/v2\/media?parent=289"}],"curies":[{"name":"wp","href":"https:\/\/api.w.org\/{rel}","templated":true}]}}